{"id":1853,"date":"2017-08-05T12:30:21","date_gmt":"2017-08-05T12:30:21","guid":{"rendered":"https:\/\/demo.themefreesia.com\/idyllic\/?page_id=1853"},"modified":"2022-04-22T12:49:21","modified_gmt":"2022-04-22T10:49:21","slug":"comment-jen-suis-arrivee-la","status":"publish","type":"page","link":"https:\/\/charlenesweb.fr\/index.php\/comment-jen-suis-arrivee-la\/","title":{"rendered":"Bienvenue !"},"content":{"rendered":"\n<p><strong>Ceci est mon portfolio personnel<\/strong> pr\u00e9sentant mes r\u00e9alisations depuis une douzaine d&rsquo;ann\u00e9es.<\/p>\n\n\n\n<p class=\"has-text-align-left has-background\" style=\"background-color:#c2ebfe\"><strong>Vous \u00eates un professionnel et vous recherchez un prestataire en infographie paysag\u00e8re ?<\/strong><br><br><strong>&gt; Retrouvez-moi plut\u00f4t sur le site de mon entreprise : <a href=\"https:\/\/et-en-vert.fr\">ET EN VERT<\/a><\/strong><\/p>\n\n\n\n<h3>Mon parcours<\/h3>\n\n\n<p class=\"fleche\">Avec une r\u00e9elle volont\u00e9 d&rsquo;agir <strong>en faveur de l&rsquo;environnement et du d\u00e9veloppement durable<\/strong>, je travaille avec passion et implication depuis plus de 10 ans dans le secteur des <strong>\u00e9nergies renouvelables (EnR)<\/strong>.<br>D&rsquo;abord <strong>charg\u00e9e de la communication visuelle et de l&rsquo;infographie paysag\u00e8re<\/strong>, j&rsquo;ai \u00e9t\u00e9 ensuite <strong>responsable d&rsquo;une \u00e9quipe de dessinateurs-projeteurs<\/strong> chez deux <strong>producteurs<\/strong><strong> d&rsquo;EnR<\/strong>.<br>J&rsquo;ai <strong>cr\u00e9\u00e9 mon entreprise <a href=\"https:\/\/et-en-vert.fr\" rel=\"noopener\">ET EN VERT<\/a><\/strong> en avril 2022 et suis donc d\u00e9sormais <strong>infographiste \/ dessinatrice-projeteuse ind\u00e9pendante<\/strong>.<\/p>\n<p>Soucieuse de travailler dans le <strong>respect des valeurs sociales et environnementales<\/strong> et sur des sujets qui m&rsquo;<strong>animent<\/strong>, je reste <strong>ouverte<\/strong> \u00e0 de nouveaux <strong>d\u00e9fis<\/strong> et cherche \u00e0 d\u00e9couvrir toujours de nouveaux th\u00e8mes d&rsquo;<strong>inspiration<\/strong>.<\/p>\n<p class=\"fleche\">Et avant \u00e7a ? Apr\u00e8s un DUT et une licence professionnelle orient\u00e9s <strong>web et communication visuelle<\/strong>, je me suis tourn\u00e9e vers <strong>l&rsquo;infographie paysag\u00e8re<\/strong> gr\u00e2ce \u00e0 une seconde licence professionnelle en alternance en bureau d&rsquo;\u00e9tudes chez un paysagiste conseil. De nature <strong>polyvalente<\/strong>, j&rsquo;ai voulu \u00e0 travers l&rsquo;acquisition d&rsquo;une <strong>double comp\u00e9tence<\/strong> mettre \u00e0 profit mes connaissances en <strong>multim\u00e9dia<\/strong> et en <strong>communication<\/strong> dans un domaine qui m&rsquo;int\u00e9ressait plus particuli\u00e8rement, celui de <strong>l&rsquo;architecture paysag\u00e8re<\/strong>.<\/p>\n<p><a href=\"https:\/\/charlenesweb.fr\/portfolio2019\/wp-content\/uploads\/2022\/04\/CV_Charlene_Fichot_2022-04.pdf\" target=\"_blank\" rel=\"noopener noreferrer\">Voir mon CV (pdf)<\/a> | <a href=\"https:\/\/www.linkedin.com\/in\/charlene-fichot\/\" target=\"_blank\" rel=\"noopener\">mon profil LinkedIn<\/a> | <a href=\"https:\/\/et-en-vert.fr\" target=\"_blank\" rel=\"noopener\">le site de mon entreprise ET EN VERT<\/a><\/p>","protected":false},"excerpt":{"rendered":"<p>Ceci est mon portfolio personnel pr\u00e9sentant mes r\u00e9alisations depuis une douzaine d&rsquo;ann\u00e9es. Vous \u00eates un professionnel et vous recherchez un prestataire en infographie paysag\u00e8re ? &gt; Retrouvez-moi plut\u00f4t sur le site de mon entreprise : ET EN VERT Mon parcours Avec une r\u00e9elle volont\u00e9 d&rsquo;agir en faveur de l&rsquo;environnement et&hellip; <\/p>\n","protected":false},"author":1,"featured_media":3667,"parent":0,"menu_order":0,"comment_status":"closed","ping_status":"closed","template":"","meta":{"ngg_post_thumbnail":0,"spay_email":""},"yoast_head":"<!-- This site is optimized with the Yoast SEO plugin v19.13 - https:\/\/yoast.com\/wordpress\/plugins\/seo\/ -->\n<title>Bienvenue ! - Charl\u00e8ne Fichot - Portfolio<\/title>\n<meta name=\"robots\" content=\"index, follow, max-snippet:-1, max-image-preview:large, max-video-preview:-1\" \/>\n<link rel=\"canonical\" href=\"https:\/\/charlenesweb.fr\/index.php\/comment-jen-suis-arrivee-la\/\" \/>\n<meta property=\"og:locale\" content=\"fr_FR\" \/>\n<meta property=\"og:type\" content=\"article\" \/>\n<meta property=\"og:title\" content=\"Bienvenue ! - Charl\u00e8ne Fichot - Portfolio\" \/>\n<meta property=\"og:description\" content=\"Ceci est mon portfolio personnel pr\u00e9sentant mes r\u00e9alisations depuis une douzaine d&rsquo;ann\u00e9es. Vous \u00eates un professionnel et vous recherchez un prestataire en infographie paysag\u00e8re ? &gt; Retrouvez-moi plut\u00f4t sur le site de mon entreprise : ET EN VERT Mon parcours Avec une r\u00e9elle volont\u00e9 d&rsquo;agir en faveur de l&rsquo;environnement et&hellip;\" \/>\n<meta property=\"og:url\" content=\"https:\/\/charlenesweb.fr\/index.php\/comment-jen-suis-arrivee-la\/\" \/>\n<meta property=\"og:site_name\" content=\"Charl\u00e8ne Fichot - Portfolio\" \/>\n<meta property=\"article:modified_time\" content=\"2022-04-22T10:49:21+00:00\" \/>\n<meta property=\"og:image\" content=\"https:\/\/charlenesweb.fr\/portfolio2019\/wp-content\/uploads\/2022\/04\/parcours_cv.png\" \/>\n\t<meta property=\"og:image:width\" content=\"768\" \/>\n\t<meta property=\"og:image:height\" content=\"544\" \/>\n\t<meta property=\"og:image:type\" content=\"image\/png\" \/>\n<meta name=\"twitter:card\" content=\"summary_large_image\" \/>\n<meta name=\"twitter:label1\" content=\"Dur\u00e9e de lecture estim\u00e9e\" \/>\n\t<meta name=\"twitter:data1\" content=\"2 minutes\" \/>\n<script type=\"application\/ld+json\" class=\"yoast-schema-graph\">{\"@context\":\"https:\/\/schema.org\",\"@graph\":[{\"@type\":\"WebPage\",\"@id\":\"https:\/\/charlenesweb.fr\/index.php\/comment-jen-suis-arrivee-la\/\",\"url\":\"https:\/\/charlenesweb.fr\/index.php\/comment-jen-suis-arrivee-la\/\",\"name\":\"Bienvenue ! - Charl\u00e8ne Fichot - Portfolio\",\"isPartOf\":{\"@id\":\"https:\/\/charlenesweb.fr\/#website\"},\"datePublished\":\"2017-08-05T12:30:21+00:00\",\"dateModified\":\"2022-04-22T10:49:21+00:00\",\"breadcrumb\":{\"@id\":\"https:\/\/charlenesweb.fr\/index.php\/comment-jen-suis-arrivee-la\/#breadcrumb\"},\"inLanguage\":\"fr-FR\",\"potentialAction\":[{\"@type\":\"ReadAction\",\"target\":[\"https:\/\/charlenesweb.fr\/index.php\/comment-jen-suis-arrivee-la\/\"]}]},{\"@type\":\"BreadcrumbList\",\"@id\":\"https:\/\/charlenesweb.fr\/index.php\/comment-jen-suis-arrivee-la\/#breadcrumb\",\"itemListElement\":[{\"@type\":\"ListItem\",\"position\":1,\"name\":\"Accueil\",\"item\":\"https:\/\/charlenesweb.fr\/\"},{\"@type\":\"ListItem\",\"position\":2,\"name\":\"Bienvenue !\"}]},{\"@type\":\"WebSite\",\"@id\":\"https:\/\/charlenesweb.fr\/#website\",\"url\":\"https:\/\/charlenesweb.fr\/\",\"name\":\"Charl\u00e8ne Fichot - Portfolio\",\"description\":\"Communication visuelle et Paysage\",\"publisher\":{\"@id\":\"https:\/\/charlenesweb.fr\/#\/schema\/person\/d24dc828dbd656047b48287b1ffa8155\"},\"potentialAction\":[{\"@type\":\"SearchAction\",\"target\":{\"@type\":\"EntryPoint\",\"urlTemplate\":\"https:\/\/charlenesweb.fr\/?s={search_term_string}\"},\"query-input\":\"required name=search_term_string\"}],\"inLanguage\":\"fr-FR\"},{\"@type\":[\"Person\",\"Organization\"],\"@id\":\"https:\/\/charlenesweb.fr\/#\/schema\/person\/d24dc828dbd656047b48287b1ffa8155\",\"name\":\"Charl\u00e8ne Fichot\",\"image\":{\"@type\":\"ImageObject\",\"inLanguage\":\"fr-FR\",\"@id\":\"https:\/\/charlenesweb.fr\/#\/schema\/person\/image\/\",\"url\":\"https:\/\/charlenesweb.fr\/portfolio2019\/wp-content\/uploads\/2022\/01\/logo_vert_h80.png\",\"contentUrl\":\"https:\/\/charlenesweb.fr\/portfolio2019\/wp-content\/uploads\/2022\/01\/logo_vert_h80.png\",\"width\":280,\"height\":80,\"caption\":\"Charl\u00e8ne Fichot\"},\"logo\":{\"@id\":\"https:\/\/charlenesweb.fr\/#\/schema\/person\/image\/\"},\"sameAs\":[\"http:\/\/charlenesweb.fr\",\"https:\/\/www.linkedin.com\/in\/charlene-fichot\/\"]}]}<\/script>\n<!-- \/ Yoast SEO plugin. -->","yoast_head_json":{"title":"Bienvenue ! - Charl\u00e8ne Fichot - Portfolio","robots":{"index":"index","follow":"follow","max-snippet":"max-snippet:-1","max-image-preview":"max-image-preview:large","max-video-preview":"max-video-preview:-1"},"canonical":"https:\/\/charlenesweb.fr\/index.php\/comment-jen-suis-arrivee-la\/","og_locale":"fr_FR","og_type":"article","og_title":"Bienvenue ! - Charl\u00e8ne Fichot - Portfolio","og_description":"Ceci est mon portfolio personnel pr\u00e9sentant mes r\u00e9alisations depuis une douzaine d&rsquo;ann\u00e9es. Vous \u00eates un professionnel et vous recherchez un prestataire en infographie paysag\u00e8re ? &gt; Retrouvez-moi plut\u00f4t sur le site de mon entreprise : ET EN VERT Mon parcours Avec une r\u00e9elle volont\u00e9 d&rsquo;agir en faveur de l&rsquo;environnement et&hellip;","og_url":"https:\/\/charlenesweb.fr\/index.php\/comment-jen-suis-arrivee-la\/","og_site_name":"Charl\u00e8ne Fichot - Portfolio","article_modified_time":"2022-04-22T10:49:21+00:00","og_image":[{"width":768,"height":544,"url":"https:\/\/charlenesweb.fr\/portfolio2019\/wp-content\/uploads\/2022\/04\/parcours_cv.png","type":"image\/png"}],"twitter_card":"summary_large_image","twitter_misc":{"Dur\u00e9e de lecture estim\u00e9e":"2 minutes"},"schema":{"@context":"https:\/\/schema.org","@graph":[{"@type":"WebPage","@id":"https:\/\/charlenesweb.fr\/index.php\/comment-jen-suis-arrivee-la\/","url":"https:\/\/charlenesweb.fr\/index.php\/comment-jen-suis-arrivee-la\/","name":"Bienvenue ! - Charl\u00e8ne Fichot - Portfolio","isPartOf":{"@id":"https:\/\/charlenesweb.fr\/#website"},"datePublished":"2017-08-05T12:30:21+00:00","dateModified":"2022-04-22T10:49:21+00:00","breadcrumb":{"@id":"https:\/\/charlenesweb.fr\/index.php\/comment-jen-suis-arrivee-la\/#breadcrumb"},"inLanguage":"fr-FR","potentialAction":[{"@type":"ReadAction","target":["https:\/\/charlenesweb.fr\/index.php\/comment-jen-suis-arrivee-la\/"]}]},{"@type":"BreadcrumbList","@id":"https:\/\/charlenesweb.fr\/index.php\/comment-jen-suis-arrivee-la\/#breadcrumb","itemListElement":[{"@type":"ListItem","position":1,"name":"Accueil","item":"https:\/\/charlenesweb.fr\/"},{"@type":"ListItem","position":2,"name":"Bienvenue !"}]},{"@type":"WebSite","@id":"https:\/\/charlenesweb.fr\/#website","url":"https:\/\/charlenesweb.fr\/","name":"Charl\u00e8ne Fichot - Portfolio","description":"Communication visuelle et Paysage","publisher":{"@id":"https:\/\/charlenesweb.fr\/#\/schema\/person\/d24dc828dbd656047b48287b1ffa8155"},"potentialAction":[{"@type":"SearchAction","target":{"@type":"EntryPoint","urlTemplate":"https:\/\/charlenesweb.fr\/?s={search_term_string}"},"query-input":"required name=search_term_string"}],"inLanguage":"fr-FR"},{"@type":["Person","Organization"],"@id":"https:\/\/charlenesweb.fr\/#\/schema\/person\/d24dc828dbd656047b48287b1ffa8155","name":"Charl\u00e8ne Fichot","image":{"@type":"ImageObject","inLanguage":"fr-FR","@id":"https:\/\/charlenesweb.fr\/#\/schema\/person\/image\/","url":"https:\/\/charlenesweb.fr\/portfolio2019\/wp-content\/uploads\/2022\/01\/logo_vert_h80.png","contentUrl":"https:\/\/charlenesweb.fr\/portfolio2019\/wp-content\/uploads\/2022\/01\/logo_vert_h80.png","width":280,"height":80,"caption":"Charl\u00e8ne Fichot"},"logo":{"@id":"https:\/\/charlenesweb.fr\/#\/schema\/person\/image\/"},"sameAs":["http:\/\/charlenesweb.fr","https:\/\/www.linkedin.com\/in\/charlene-fichot\/"]}]}},"_links":{"self":[{"href":"https:\/\/charlenesweb.fr\/index.php\/wp-json\/wp\/v2\/pages\/1853"}],"collection":[{"href":"https:\/\/charlenesweb.fr\/index.php\/wp-json\/wp\/v2\/pages"}],"about":[{"href":"https:\/\/charlenesweb.fr\/index.php\/wp-json\/wp\/v2\/types\/page"}],"author":[{"embeddable":true,"href":"https:\/\/charlenesweb.fr\/index.php\/wp-json\/wp\/v2\/users\/1"}],"replies":[{"embeddable":true,"href":"https:\/\/charlenesweb.fr\/index.php\/wp-json\/wp\/v2\/comments?post=1853"}],"version-history":[{"count":46,"href":"https:\/\/charlenesweb.fr\/index.php\/wp-json\/wp\/v2\/pages\/1853\/revisions"}],"predecessor-version":[{"id":3665,"href":"https:\/\/charlenesweb.fr\/index.php\/wp-json\/wp\/v2\/pages\/1853\/revisions\/3665"}],"wp:featuredmedia":[{"embeddable":true,"href":"https:\/\/charlenesweb.fr\/index.php\/wp-json\/wp\/v2\/media\/3667"}],"wp:attachment":[{"href":"https:\/\/charlenesweb.fr\/index.php\/wp-json\/wp\/v2\/media?parent=1853"}],"curies":[{"name":"wp","href":"https:\/\/api.w.org\/{rel}","templated":true}]}}